{"id":756,"date":"2012-02-22T13:54:28","date_gmt":"2012-02-22T11:54:28","guid":{"rendered":"https:\/\/www.nps.fi\/wp\/?page_id=756"},"modified":"2025-03-03T22:33:01","modified_gmt":"2025-03-03T20:33:01","slug":"saarisaannot","status":"publish","type":"page","link":"https:\/\/www.nps.fi\/wp\/retkiveneily\/saaritukikohdat\/saarisaannot\/","title":{"rendered":"Saaris\u00e4\u00e4nn\u00f6t"},"content":{"rendered":"<p><strong>SAARITUKIKOHTIEN YLEISET S\u00c4\u00c4NN\u00d6T<\/strong><br \/>\nv24.02.2009\/Saaritoimikunta\/painovirheit\u00e4 korjattu 22.2.2012\/ph<\/p>\n<p>&nbsp;<\/p>\n<p>Seuraavien s\u00e4\u00e4nt\u00f6jen ja ohjeiden tarkoituksena on tukikohdassa k\u00e4yvien seuran j\u00e4senten ja heid\u00e4n vieraidensa yhteisen viihtyvyyden ja turvallisuuden lis\u00e4\u00e4minen.<\/p>\n<p>&nbsp;<\/p>\n<p>1\u00a7 Saaritukikohtien K\u00e4ytt\u00f6<\/p>\n<p>Saaritukikohta on tarkoitettu NPS:n j\u00e4senten ja heid\u00e4n vieraidensa k\u00e4ytt\u00f6\u00f6n. J\u00e4senell\u00e4 on oikeus lunastaa avain tukikohtiin seuran toimistosta.<br \/>\nSaareen on oikeus kiinnitty\u00e4 ja nousta maihin:<br \/>\na) seuran j\u00e4senell\u00e4 hallinnoimallaan veneell\u00e4 sek\u00e4 t\u00e4m\u00e4n veneen miehist\u00f6ll\u00e4<br \/>\nb) sill\u00e4, jolle seuran hallitus on erikseen my\u00f6nt\u00e4nyt luvan k\u00e4ytt\u00e4\u00e4 saaritukikohtaa<br \/>\nc) kohdan a j\u00e4senen vierailla omalla veneell\u00e4\u00e4n<br \/>\nd) oikeus veneen kiinnittymiseen on osoitettava joko NPS:n lipulla tai NPS:n viirill\u00e4<\/p>\n<p>Seuran j\u00e4senen vieraiden on kysytt\u00e4ess\u00e4 osoitettava kuka on heid\u00e4n is\u00e4nt\u00e4ns\u00e4<\/p>\n<p>Veneen p\u00e4\u00e4llikk\u00f6 vastaa miehist\u00f6ns\u00e4 k\u00e4ytt\u00e4ytymisest\u00e4 tukikohdassa sek\u00e4 veneens\u00e4 kiinnityksest\u00e4.<br \/>\nVaaran uhatessa on kuitenkin jokainen tukikohdassa oleva velvollinen osallistumaan mink\u00e4 tahansa veneen pelastustoimiin. Hyv\u00e4n tavan mukaista on avustaa saapuvaa ja l\u00e4htev\u00e4\u00e4 venett\u00e4.<\/p>\n<p>&nbsp;<\/p>\n<p>2\u00a7 Luonto<\/p>\n<p>Vierailijan luonnollisena velvollisuutena on suojella tukikohdan luontoa ja vesialuetta.<br \/>\nKasvillisuutta on varottava ja k\u00e4ytett\u00e4v\u00e4 polkuja mik\u00e4li se on mahdollista. Puita ja pensaita ei saa kaataa eik\u00e4 oksia katkoa. Kukkien annamme kukkia.<\/p>\n<p>Lemmikkiel\u00e4imet on aina pidett\u00e4v\u00e4 kytkettyin\u00e4 ja j\u00e4t\u00f6kset on ker\u00e4tt\u00e4v\u00e4.<br \/>\nOn my\u00f6s huolehdittava siit\u00e4, ettei lemmikkiel\u00e4imist\u00e4 aiheudu h\u00e4iri\u00f6t\u00e4 muille venekunnille.<\/p>\n<p>Kalastus tukikohdan l\u00e4hivesialueella on sallittu noudattaen kalastuslain ja -asetuksen m\u00e4\u00e4r\u00e4yksi\u00e4. Onkiminen ja pilkkiminen on sallittu.<\/p>\n<p>Avotulen tekeminen on ehdottomasti kielletty muualle kuin erikseen t\u00e4t\u00e4 varten rakennettuun paikkaan.<\/p>\n<p>Moottorilla varustetuilla jollilla, kumiveneill\u00e4 ym. tarpeeton p\u00e4ristely<br \/>\ntukikohdan l\u00e4heisyydess\u00e4 on kielletty.<\/p>\n<p>&nbsp;<\/p>\n<p>3\u00a7 Liputus<\/p>\n<p>Yleisten liputusohjeiden mukaisina liputusaikoina on NPS:n lippu pidett\u00e4v\u00e4 nostettuna.<br \/>\nTukikohdasta poistuttaessa on viimeksi j\u00e4\u00e4nyt vastuussa siit\u00e4, ett\u00e4 lippu on laskettu ja ett\u00e4 alue j\u00e4\u00e4 siistiin kuntoon.<\/p>\n<p>&nbsp;<\/p>\n<p>4\u00a7 Vieraskirja<\/p>\n<p>Jokaisen k\u00e4ynnin yhteydess\u00e4 tulee vieraskirjaan merkit\u00e4 saapumisp\u00e4iv\u00e4 sek\u00e4 veneen, sen p\u00e4\u00e4llik\u00f6n ja miehist\u00f6n j\u00e4senten nimet. T\u00e4t\u00e4 arvokasta tietoa k\u00e4ytet\u00e4\u00e4n mm. kehityssuunnitelmia laadittaessa.<\/p>\n<p>&nbsp;<\/p>\n<p>5\u00a7 J\u00e4tteet<\/p>\n<p>Saaritukikohdassa ei ole j\u00e4tes\u00e4ili\u00f6t\u00e4. Jokaisen venekunnan on viet\u00e4v\u00e4 tuottamansa j\u00e4tteet mukanaan tukikohdasta l\u00e4htiess\u00e4\u00e4n. J\u00e4tteiden vienti maihin tai upottaminen tukikohdan vesialueelle, samoin kuin<br \/>\nseptitankkien tai WC-s\u00e4ili\u00f6iden tyhjent\u00e4minen on ehdottomasti kielletty. Kuorikek\u00e4ym\u00e4l\u00f6iden tyhjennys on kaikkien vastuulla, se ei ole pelk\u00e4st\u00e4\u00e4n saari-is\u00e4nn\u00e4n teht\u00e4v\u00e4. Jos k\u00e4ym\u00e4l\u00e4 vaatii tyhjennyst\u00e4, ker\u00e4\u00e4 kokoon<br \/>\nsopiva porukka ja hautaa j\u00e4t\u00f6kset riitt\u00e4v\u00e4n kauas mets\u00e4\u00e4n.<\/p>\n<p>&nbsp;<\/p>\n<p>6\u00a7 Turvaohje<\/p>\n<p>Sen lis\u00e4ksi, ett\u00e4 jokainen vierailija omilla toimillaan pyrkii lis\u00e4\u00e4m\u00e4\u00e4n yleist\u00e4 turvallisuutta, on jokaisessa tukikohdassa on erillinen turvaohje, joka palvelee vierailijoita mahdollisissa h\u00e4t\u00e4tilanteissa. Ohjeessa on mm. tiedot palo- ja pelastustoimen puhelinnumeroista, radioyhteyksist\u00e4, sek\u00e4 muusta sellaisesta, mist\u00e4 voi olla hy\u00f6ty\u00e4 h\u00e4t\u00e4tilanteessa. Ohje l\u00f6ytyy Is\u00e4nn\u00e4nmapista ja siihen on syyt\u00e4 tutustua etuk\u00e4teen.<\/p>\n<p>&nbsp;<\/p>\n<p>7\u00a7 Saunat<\/p>\n<p>Saunomisaika varataan erillisest\u00e4 saunakirjasta ja saunomisaika venekuntaa kohden on yksi tunti.<br \/>\nT\u00e4h\u00e4n ei lasketa kylm\u00e4n saunan l\u00e4mmitysaikaa. Saunojen siisteydest\u00e4 ja puhtaudesta huolehtiminen on jokaisen velvollisuus. Saunoista l\u00f6ytyy v\u00e4lineet lauteiden, lattioiden ja \u00e4mp\u00e4reiden puhdistamiseen. Puhdistus ja siivous tulee tehd\u00e4 jokaisen k\u00e4ytt\u00f6kerran j\u00e4lkeen. Tuhkat on poistettava tulipes\u00e4st\u00e4 ennen ensimm\u00e4ist\u00e4 l\u00e4mmityst\u00e4 ja siirrett\u00e4v\u00e4 sille varattuun kannelliseen astiaan. Saunat ja saunarannat eiv\u00e4t ole pyykin ja astioiden pesupaikkoja. Huolehdi sopiva l\u00e4mp\u00f6 saunaan seuraavaa saunojaa varten.<\/p>\n<p>Saunovan venekunnan on huolehdittava k\u00e4ytt\u00e4m\u00e4\u00e4ns\u00e4 puuta vastaavan m\u00e4\u00e4r\u00e4n pilkkomisesta sek\u00e4 vesiastioiden t\u00e4ytt\u00e4misest\u00e4 seuraaville saunojille. Viimeinen saunoja j\u00e4tt\u00e4\u00e4 ikkunoita ja ovia sopivasti auki tuulettumisen ja kuivumisen varmistamiseksi.<\/p>\n<p>&nbsp;<\/p>\n<p>8\u00a7 Saari-is\u00e4nt\u00e4<\/p>\n<p>Jokaisella tukikohdalla on yksi tai useampi hallituksen valitsema Saari-is\u00e4nt\u00e4.<br \/>\nSaari-is\u00e4nn\u00e4n toimikausi on 2 vuotta kerrallaan.<\/p>\n<p>Saari-is\u00e4nn\u00e4n vastuulla on mm.:<br \/>\na) Tukikohdan viihtyvyyden, turvallisuuden ja siisteyden jatkuva yll\u00e4pito ja kehitys.<br \/>\nb) Hyv\u00e4n veneilyhengen luominen tukikohtaan siten, ett\u00e4 vierailijat tuntevat olonsa tervetulleeksi ja viihtyis\u00e4ksi.<br \/>\nc) Kalustosta, kiinteist\u00f6st\u00e4 ja tarvikkeista huolehtiminen, polttopuiden\u00a0ja muiden tarvikkeiden tilaaminen, talkoiden organisointi.<br \/>\nd) Turvaohjeen yll\u00e4pito<br \/>\ne) Is\u00e4nn\u00e4nmapin laatiminen ja yll\u00e4pito<br \/>\nf) Yll\u00e4olevien asoiden raportoiminen saari- ja kiinteist\u00f6toimikunnan puheenjohtajalle.<br \/>\ng) Valvoa saaris\u00e4\u00e4nt\u00f6jen noudattamista omalla hyv\u00e4ll\u00e4 esimerkill\u00e4\u00e4n<\/p>\n<p>&nbsp;<\/p>\n<p>9\u00a7 Tukikohdassa saattaa olla saari-is\u00e4nn\u00e4n laatimia erillisohjeita,\u00a0 tiedotuksia ja s\u00e4\u00e4nt\u00f6j\u00e4, jotka on syyt\u00e4 lukea tukikohdan Is\u00e4nn\u00e4nmapista. Is\u00e4nn\u00e4nmapissa on erillinen kohta johon voi j\u00e4tt\u00e4\u00e4 tietoa havaituista<br \/>\npuutteista tai toiveista.<\/p>\n","protected":false},"excerpt":{"rendered":"<p>SAARITUKIKOHTIEN YLEISET S\u00c4\u00c4NN\u00d6T v24.02.2009\/Saaritoimikunta\/painovirheit\u00e4 korjattu 22.2.2012\/ph &nbsp; Seuraavien s\u00e4\u00e4nt\u00f6jen ja ohjeiden tarkoituksena on tukikohdassa k\u00e4yvien seuran j\u00e4senten ja heid\u00e4n vieraidensa yhteisen viihtyvyyden ja turvallisuuden lis\u00e4\u00e4minen. &nbsp; 1\u00a7 Saaritukikohtien K\u00e4ytt\u00f6 Saaritukikohta on tarkoitettu NPS:n j\u00e4senten ja heid\u00e4n vieraidensa k\u00e4ytt\u00f6\u00f6n. J\u00e4senell\u00e4 on oikeus lunastaa avain tukikohtiin seuran toimistosta. Saareen on oikeus kiinnitty\u00e4&hellip;<\/p>\n<p> <a class=\"more-link\" href=\"https:\/\/www.nps.fi\/wp\/retkiveneily\/saaritukikohdat\/saarisaannot\/\">Lue Lis\u00e4\u00e4<\/a><\/p>\n","protected":false},"author":6,"featured_media":0,"parent":85,"menu_order":0,"comment_status":"open","ping_status":"open","template":"","meta":{"ngg_post_thumbnail":0,"footnotes":""},"class_list":["post-756","page","type-page","status-publish"],"_links":{"self":[{"href":"https:\/\/www.nps.fi\/wp\/wp-json\/wp\/v2\/pages\/756","targetHints":{"allow":["GET"]}}],"collection":[{"href":"https:\/\/www.nps.fi\/wp\/wp-json\/wp\/v2\/pages"}],"about":[{"href":"https:\/\/www.nps.fi\/wp\/wp-json\/wp\/v2\/types\/page"}],"author":[{"embeddable":true,"href":"https:\/\/www.nps.fi\/wp\/wp-json\/wp\/v2\/users\/6"}],"replies":[{"embeddable":true,"href":"https:\/\/www.nps.fi\/wp\/wp-json\/wp\/v2\/comments?post=756"}],"version-history":[{"count":4,"href":"https:\/\/www.nps.fi\/wp\/wp-json\/wp\/v2\/pages\/756\/revisions"}],"predecessor-version":[{"id":7522,"href":"https:\/\/www.nps.fi\/wp\/wp-json\/wp\/v2\/pages\/756\/revisions\/7522"}],"up":[{"embeddable":true,"href":"https:\/\/www.nps.fi\/wp\/wp-json\/wp\/v2\/pages\/85"}],"wp:attachment":[{"href":"https:\/\/www.nps.fi\/wp\/wp-json\/wp\/v2\/media?parent=756"}],"curies":[{"name":"wp","href":"https:\/\/api.w.org\/{rel}","templated":true}]}}