{"id":487,"date":"2011-12-13T20:51:31","date_gmt":"2011-12-13T18:51:31","guid":{"rendered":"https:\/\/www.nps.fi\/wp\/?page_id=487"},"modified":"2025-03-04T18:26:37","modified_gmt":"2025-03-04T16:26:37","slug":"ansiomerkit","status":"publish","type":"page","link":"https:\/\/www.nps.fi\/wp\/naantalin-purjehdusseura-ry\/palkitut\/ansiomerkit\/","title":{"rendered":"Ansiomerkit"},"content":{"rendered":"<p><a href=\"https:\/\/www.nps.fi\/wp\/wp-content\/uploads\/2025\/01\/NPS-ansiomerkki-kultainen.jpg\"><img loading=\"lazy\" decoding=\"async\" class=\"size-thumbnail wp-image-7268\" src=\"https:\/\/www.nps.fi\/wp\/wp-content\/uploads\/2025\/01\/NPS-ansiomerkki-kultainen-150x150.jpg\" alt=\"\" width=\"150\" height=\"150\" srcset=\"https:\/\/www.nps.fi\/wp\/wp-content\/uploads\/2025\/01\/NPS-ansiomerkki-kultainen-150x150.jpg 150w, https:\/\/www.nps.fi\/wp\/wp-content\/uploads\/2025\/01\/NPS-ansiomerkki-kultainen-300x300.jpg 300w, https:\/\/www.nps.fi\/wp\/wp-content\/uploads\/2025\/01\/NPS-ansiomerkki-kultainen.jpg 480w\" sizes=\"auto, (max-width: 150px) 100vw, 150px\" \/><\/a><\/p>\n<p><span style=\"color: #000000;\"><strong>Kultaisen ansiomerkin ovat saaneet:\u00a0<\/strong><\/span><\/p>\n<ul>\n<li>\n<div align=\"left\"><span style=\"color: #000000;\">Eklund I.B. -47<\/span><\/div>\n<\/li>\n<li><span style=\"color: #000000;\">Kupiainen K. -47<\/span><\/li>\n<li>\n<div align=\"left\"><span style=\"color: #000000;\">K\u00e4rn\u00e4 K. -47<\/span><\/div>\n<\/li>\n<li>\n<div align=\"left\"><span style=\"color: #000000;\">Holmberg C.G. -47<\/span><\/div>\n<\/li>\n<li>\n<div align=\"left\"><span style=\"color: #000000;\">N\u00e4s\u00e4nen Erkki -47<\/span><\/div>\n<\/li>\n<li>\n<div align=\"left\"><span style=\"color: #000000;\">Likitalo Martti -67<\/span><\/div>\n<\/li>\n<li>\n<div align=\"left\"><span style=\"color: #000000;\">N\u00e4s\u00e4nen Olavi -67<\/span><\/div>\n<\/li>\n<li>\n<div align=\"left\"><span style=\"color: #000000;\">Str\u00e5hlmann Helmer\u00a0 -67<\/span><\/div>\n<\/li>\n<li>\n<div align=\"left\"><span style=\"color: #000000;\">Karlsson Leif -77<\/span><\/div>\n<\/li>\n<li>\n<div align=\"left\"><span style=\"color: #000000;\">Vahtera Olli\u00a0 -77<\/span><\/div>\n<\/li>\n<li>\n<div align=\"left\"><span style=\"color: #000000;\">Kangasniemi Heikki\u00a0 -82<\/span><\/div>\n<\/li>\n<li>\n<div align=\"left\"><span style=\"color: #000000;\">Viljanen Jukka\u00a0 -83<\/span><\/div>\n<\/li>\n<li>\n<div align=\"left\"><span style=\"color: #000000;\">Tulonen Ilkka\u00a0 -87<\/span><\/div>\n<\/li>\n<li>\n<div align=\"left\"><span style=\"color: #000000;\">P\u00e4rk\u00f6 Ulla -92<\/span><\/div>\n<\/li>\n<li>\n<div align=\"left\"><span style=\"color: #000000;\">Alho Anne\u00a0 -92<\/span><\/div>\n<\/li>\n<li>\n<div align=\"left\"><span style=\"color: #000000;\">Alho Kari\u00a0 -93<\/span><\/div>\n<\/li>\n<li>\n<div align=\"left\"><span style=\"color: #000000;\">Harjulahti Peter\u00a0 -95<\/span><\/div>\n<\/li>\n<li>\n<div align=\"left\"><span style=\"color: #000000;\">Pajunen Hannu\u00a0 -95<\/span><\/div>\n<\/li>\n<li>\n<div align=\"left\"><span style=\"color: #000000;\">Likitalo Raimo\u00a0 -05<\/span><\/div>\n<\/li>\n<li>\n<div align=\"left\"><span style=\"color: #000000;\">Jussila Markku\u00a0 -06<\/span><\/div>\n<\/li>\n<li><span style=\"color: #000000;\">Ranta Hanna\u00a0 -08<\/span><\/li>\n<li><span style=\"color: #000000;\">Vahtera Esa \u00a0-14<\/span><\/li>\n<li>Mild Taisto -16<\/li>\n<li>Nygren Osmo -16<\/li>\n<li>Lankinen Timo -17<\/li>\n<li>Jarmo Holm -19<\/li>\n<li>Ville Kurki &#8211; 22<\/li>\n<\/ul>\n<p><a href=\"https:\/\/www.nps.fi\/wp\/wp-content\/uploads\/2025\/01\/NPS-ansiomerkki-hopeinen.jpg\"><img loading=\"lazy\" decoding=\"async\" class=\"size-thumbnail wp-image-7267\" src=\"https:\/\/www.nps.fi\/wp\/wp-content\/uploads\/2025\/01\/NPS-ansiomerkki-hopeinen-150x150.jpg\" alt=\"\" width=\"150\" height=\"150\" srcset=\"https:\/\/www.nps.fi\/wp\/wp-content\/uploads\/2025\/01\/NPS-ansiomerkki-hopeinen-150x150.jpg 150w, https:\/\/www.nps.fi\/wp\/wp-content\/uploads\/2025\/01\/NPS-ansiomerkki-hopeinen-300x300.jpg 300w, https:\/\/www.nps.fi\/wp\/wp-content\/uploads\/2025\/01\/NPS-ansiomerkki-hopeinen.jpg 480w\" sizes=\"auto, (max-width: 150px) 100vw, 150px\" \/><\/a><\/p>\n<p><span style=\"color: #000000;\"><strong>Hopeisen ansiomerkin ovat saaneet:<\/strong><\/span><\/p>\n<ul>\n<li>\n<div align=\"left\"><span style=\"color: #000000;\">Likitalo Martti\u00a0 -62<\/span><\/div>\n<\/li>\n<li>\n<div align=\"left\"><span style=\"color: #000000;\">Puuska Antti\u00a0 -63<\/span><\/div>\n<\/li>\n<li>\n<div align=\"left\"><span style=\"color: #000000;\">N\u00e4s\u00e4nen Olavi\u00a0 -63<\/span><\/div>\n<\/li>\n<li>\n<div align=\"left\"><span style=\"color: #000000;\">Str\u00e5hlmann Helmer -65<\/span><\/div>\n<\/li>\n<li>\n<div align=\"left\"><span style=\"color: #000000;\">Karlsson Leif\u00a0 -67<\/span><\/div>\n<\/li>\n<li>\n<div align=\"left\"><span style=\"color: #000000;\">Vahtera Olli -73<\/span><\/div>\n<\/li>\n<li>\n<div align=\"left\"><span style=\"color: #000000;\">Mild Taisto -74<\/span><\/div>\n<\/li>\n<li>\n<div align=\"left\"><span style=\"color: #000000;\">Virtanen Pertti\u00a0 -74<\/span><\/div>\n<\/li>\n<li>\n<div align=\"left\"><span style=\"color: #000000;\">Ranta Erkki\u00a0 -74<\/span><\/div>\n<\/li>\n<li>\n<div align=\"left\"><span style=\"color: #000000;\">Lepist\u00f6 Eino\u00a0 -77<\/span><\/div>\n<\/li>\n<li>\n<div align=\"left\"><span style=\"color: #000000;\">Kangasniemi Heikki\u00a0 -77<\/span><\/div>\n<\/li>\n<li>\n<div align=\"left\"><span style=\"color: #000000;\">Viljanen Jukka\u00a0 -77<\/span><\/div>\n<\/li>\n<li>\n<div align=\"left\"><span style=\"color: #000000;\">Vuorinen Mauno\u00a0 -79<\/span><\/div>\n<\/li>\n<li>\n<div align=\"left\"><span style=\"color: #000000;\">Veso Ilkka\u00a0 -81<\/span><\/div>\n<\/li>\n<li>\n<div align=\"left\"><span style=\"color: #000000;\">Vahtera Esa\u00a0 -83<\/span><\/div>\n<\/li>\n<li>\n<div align=\"left\"><span style=\"color: #000000;\">M\u00e4ki Jukka\u00a0 -83<\/span><\/div>\n<\/li>\n<li>\n<div align=\"left\"><span style=\"color: #000000;\">Saarelainen Juhani\u00a0 -83<\/span><\/div>\n<\/li>\n<li>\n<div align=\"left\"><span style=\"color: #000000;\">Tulonen Ilkka\u00a0 -85<\/span><\/div>\n<\/li>\n<li>\n<div align=\"left\"><span style=\"color: #000000;\">Alho Kari\u00a0 -87<\/span><\/div>\n<\/li>\n<li>\n<div align=\"left\"><span style=\"color: #000000;\">Loukos Hannu\u00a0 -87<\/span><\/div>\n<\/li>\n<li>\n<div align=\"left\"><span style=\"color: #000000;\">Saksi Anita\u00a0 -87<\/span><\/div>\n<\/li>\n<li>\n<div align=\"left\"><span style=\"color: #000000;\">P\u00e4rk\u00f6 Jussi\u00a0 -87<\/span><\/div>\n<\/li>\n<li>\n<div align=\"left\"><span style=\"color: #000000;\">P\u00e4rk\u00f6 Ulla\u00a0 -87<\/span><\/div>\n<\/li>\n<li>\n<div align=\"left\"><span style=\"color: #000000;\">S\u00e4il\u00e4 Matti\u00a0 -88<\/span><\/div>\n<\/li>\n<li>\n<div align=\"left\"><span style=\"color: #000000;\">Alho Anne\u00a0 -89<\/span><\/div>\n<\/li>\n<li>\n<div align=\"left\"><span style=\"color: #000000;\">Jussila Markku\u00a0 -91<\/span><\/div>\n<\/li>\n<li>\n<div align=\"left\"><span style=\"color: #000000;\">Harjulahti Peter\u00a0 -91<\/span><\/div>\n<\/li>\n<li>\n<div align=\"left\"><span style=\"color: #000000;\">Nieminen Jamie\u00a0 -92<\/span><\/div>\n<\/li>\n<li>\n<div align=\"left\"><span style=\"color: #000000;\">Adenius Jouko\u00a0 -92<\/span><\/div>\n<\/li>\n<li>\n<div align=\"left\"><span style=\"color: #000000;\">Jussila Sinikka\u00a0 -92<\/span><\/div>\n<\/li>\n<li>\n<div align=\"left\"><span style=\"color: #000000;\">Kurki Tarja\u00a0 -92<\/span><\/div>\n<\/li>\n<li>\n<div align=\"left\"><span style=\"color: #000000;\">Likitalo Raimo\u00a0 -92<\/span><\/div>\n<\/li>\n<li>\n<div align=\"left\"><span style=\"color: #000000;\">Ranta Olli\u00a0 -92<\/span><\/div>\n<\/li>\n<li>\n<div align=\"left\"><span style=\"color: #000000;\">Pajunen Hannu\u00a0 -93<\/span><\/div>\n<\/li>\n<li>\n<div align=\"left\"><span style=\"color: #000000;\">Holm Jarmo\u00a0 -97<\/span><\/div>\n<\/li>\n<li>\n<div align=\"left\"><span style=\"color: #000000;\">Knaapila Pauli -97<\/span><\/div>\n<\/li>\n<li>\n<div align=\"left\"><span style=\"color: #000000;\">Tuominen Matti\u00a0 -05<\/span><\/div>\n<\/li>\n<li><span style=\"color: #000000;\">Ahlstr\u00f6m Pekka\u00a0 -08<\/span><\/li>\n<li><span style=\"color: #000000;\">Lindstr\u00f6m Kai\u00a0 -11<br \/>\n<\/span><\/li>\n<li><span style=\"color: #000000;\">Lankinen Timo \u00a0-14<\/span><\/li>\n<li><span style=\"color: #000000;\">Nikulainen Jukka \u00a0-14<\/span><\/li>\n<li><span style=\"color: #000000;\">Saarinen Jari -15<\/span><\/li>\n<li>Lumme Bettina -17<\/li>\n<li>Bastman Heikki -17<\/li>\n<li>Kanerva Timo -17<\/li>\n<li>Laine Janne -17<\/li>\n<li>Kurki Ville -17<\/li>\n<li>Lumme Peter -18<\/li>\n<\/ul>\n<p><a href=\"https:\/\/www.nps.fi\/wp\/wp-content\/uploads\/2025\/01\/NPS-toimitsijamerkki.jpg\"><img loading=\"lazy\" decoding=\"async\" class=\"alignnone wp-image-7269\" src=\"https:\/\/www.nps.fi\/wp\/wp-content\/uploads\/2025\/01\/NPS-toimitsijamerkki-150x150.jpg\" alt=\"\" width=\"105\" height=\"180\" srcset=\"https:\/\/www.nps.fi\/wp\/wp-content\/uploads\/2025\/01\/NPS-toimitsijamerkki-175x300.jpg 175w, https:\/\/www.nps.fi\/wp\/wp-content\/uploads\/2025\/01\/NPS-toimitsijamerkki.jpg 374w\" sizes=\"auto, (max-width: 105px) 100vw, 105px\" \/><\/a><\/p>\n<p><span style=\"color: #000000;\"><strong>Toimitsijamerkin ovat saaneet:<\/strong><\/span><\/p>\n<ul>\n<li>\n<div align=\"left\"><span style=\"color: #000000;\">Rauthovi Anneli\u00a0 -82<\/span><\/div>\n<\/li>\n<li>\n<div align=\"left\"><span style=\"color: #000000;\">Alho Kari\u00a0 -83<\/span><\/div>\n<\/li>\n<li>\n<div align=\"left\"><span style=\"color: #000000;\">P\u00e4rk\u00f6 Ulla\u00a0 -83<\/span><\/div>\n<\/li>\n<li>\n<div align=\"left\"><span style=\"color: #000000;\">Liljeroos Markku -83<\/span><\/div>\n<\/li>\n<li>\n<div align=\"left\"><span style=\"color: #000000;\">Saksi Anita\u00a0 -83<\/span><\/div>\n<\/li>\n<li>\n<div align=\"left\"><span style=\"color: #000000;\">Helin Tapani -85<\/span><\/div>\n<\/li>\n<li>\n<div align=\"left\"><span style=\"color: #000000;\">Alho Anne\u00a0 -87<\/span><\/div>\n<\/li>\n<li>\n<div align=\"left\"><span style=\"color: #000000;\">Korelin Aarne\u00a0 -87<\/span><\/div>\n<\/li>\n<li>\n<div align=\"left\"><span style=\"color: #000000;\">Kurki Tarja\u00a0 -87<\/span><\/div>\n<\/li>\n<li>\n<div align=\"left\"><span style=\"color: #000000;\">Harjulahti Peter\u00a0 -87<\/span><\/div>\n<\/li>\n<li>\n<div align=\"left\"><span style=\"color: #000000;\">Harjulahti Eeva -87<\/span><\/div>\n<\/li>\n<li>\n<div align=\"left\"><span style=\"color: #000000;\">Holm Jarmo\u00a0 -89<\/span><\/div>\n<\/li>\n<li>\n<div align=\"left\"><span style=\"color: #000000;\">Laakso Leo\u00a0 -89<\/span><\/div>\n<\/li>\n<li>\n<div align=\"left\"><span style=\"color: #000000;\">Sintonen Keijo\u00a0 -89<\/span><\/div>\n<\/li>\n<li>\n<div align=\"left\"><span style=\"color: #000000;\">Villiruusu Onni\u00a0 -91<\/span><\/div>\n<\/li>\n<li>\n<div align=\"left\"><span style=\"color: #000000;\">H\u00e4m\u00e4l\u00e4inen Tuomo\u00a0 -91<\/span><\/div>\n<\/li>\n<li>\n<div align=\"left\"><span style=\"color: #000000;\">Angervo Jukka\u00a0 -93<\/span><\/div>\n<\/li>\n<li>\n<div align=\"left\"><span style=\"color: #000000;\">Hollo Mika\u00a0 -93<\/span><\/div>\n<\/li>\n<li>\n<div align=\"left\"><span style=\"color: #000000;\">Aarnio Erkki\u00a0 -97<\/span><\/div>\n<\/li>\n<li>\n<div align=\"left\"><span style=\"color: #000000;\">Heininen Pasi\u00a0 -97<\/span><\/div>\n<\/li>\n<li>\n<div align=\"left\"><span style=\"color: #000000;\">Impivaara Hilppa\u00a0 -97<\/span><\/div>\n<\/li>\n<li>\n<div align=\"left\"><span style=\"color: #000000;\">Lankinen Timo -97<\/span><\/div>\n<\/li>\n<li>\n<div align=\"left\"><span style=\"color: #000000;\">Nikulainen Martti\u00a0 -97<\/span><\/div>\n<\/li>\n<li>\n<div align=\"left\"><span style=\"color: #000000;\">Sorvari Teijo\u00a0 -97<\/span><\/div>\n<\/li>\n<li>\n<div align=\"left\"><span style=\"color: #000000;\">Tuominen Matti\u00a0 -97<\/span><\/div>\n<\/li>\n<li>\n<div align=\"left\"><span style=\"color: #000000;\">Helin Pia -98<\/span><\/div>\n<\/li>\n<li>\n<div align=\"left\"><span style=\"color: #000000;\">Likitalo Raimo -02<\/span><\/div>\n<\/li>\n<li>\n<div align=\"left\"><span style=\"color: #000000;\">Loukos Hannu -02<\/span><\/div>\n<\/li>\n<li>\n<div align=\"left\"><span style=\"color: #000000;\">Harjulahti Elina -04<\/span><\/div>\n<\/li>\n<li>\n<div align=\"left\"><span style=\"color: #000000;\">Nygren Osmo\u00a0 -05<\/span><\/div>\n<\/li>\n<li>\n<div align=\"left\"><span style=\"color: #000000;\">Autio Risto -06<\/span><\/div>\n<\/li>\n<li>\n<div align=\"left\"><span style=\"color: #000000;\">Haanp\u00e4\u00e4 Kimmo -06<\/span><\/div>\n<\/li>\n<li>\n<div align=\"left\"><span style=\"color: #000000;\">Ihalin Reijo\u00a0 -07<\/span><\/div>\n<\/li>\n<li><span style=\"color: #000000;\">Saarinen Jari -07<\/span><\/li>\n<li><span style=\"color: #000000;\">Kiiski Arto \u00a0-11<\/span><\/li>\n<li><span style=\"color: #000000;\">Nikulainen Jukka \u00a0-11\u00a0<\/span><\/li>\n<li><span style=\"color: #000000;\">Sadinmaa Salla \u00a0-14<\/span><\/li>\n<li><span style=\"color: #000000;\">Lumme Bettina -15<\/span><\/li>\n<li><span style=\"color: #000000;\">Harjulahti Esa -15<\/span><\/li>\n<li>Lehtovaara Teppo -16<\/li>\n<li>Vahtera Joonas -17<\/li>\n<li>Leino Jari -18<\/li>\n<li>Salko Mika -18<\/li>\n<li>Iiro T\u00f6rnstr\u00f6m -19<\/li>\n<li>Hanna Haaksi -19<\/li>\n<li>Lotta Saukkola -19<\/li>\n<li>Elsa Lumme -19<\/li>\n<li>Elmeri Kurki -19<\/li>\n<li>Elias Viitanen -19<\/li>\n<li>Seppo Sorsavirta -19<\/li>\n<li>Heikki Bastman -19<\/li>\n<li>Timo Kanerva -19<\/li>\n<\/ul>\n<p><span style=\"color: #000000;\">\u00a0<\/span><\/p>\n","protected":false},"excerpt":{"rendered":"<p>Kultaisen ansiomerkin ovat saaneet:\u00a0 Eklund I.B. -47 Kupiainen K. -47 K\u00e4rn\u00e4 K. -47 Holmberg C.G. -47 N\u00e4s\u00e4nen Erkki -47 Likitalo Martti -67 N\u00e4s\u00e4nen Olavi -67 Str\u00e5hlmann Helmer\u00a0 -67 Karlsson Leif -77 Vahtera Olli\u00a0 -77 Kangasniemi Heikki\u00a0 -82 Viljanen Jukka\u00a0 -83 Tulonen Ilkka\u00a0 -87 P\u00e4rk\u00f6 Ulla -92 Alho Anne\u00a0 -92 Alho&hellip;<\/p>\n<p> <a class=\"more-link\" href=\"https:\/\/www.nps.fi\/wp\/naantalin-purjehdusseura-ry\/palkitut\/ansiomerkit\/\">Lue Lis\u00e4\u00e4<\/a><\/p>\n","protected":false},"author":6,"featured_media":0,"parent":458,"menu_order":120,"comment_status":"open","ping_status":"open","template":"","meta":{"ngg_post_thumbnail":0,"footnotes":""},"class_list":["post-487","page","type-page","status-publish"],"_links":{"self":[{"href":"https:\/\/www.nps.fi\/wp\/wp-json\/wp\/v2\/pages\/487","targetHints":{"allow":["GET"]}}],"collection":[{"href":"https:\/\/www.nps.fi\/wp\/wp-json\/wp\/v2\/pages"}],"about":[{"href":"https:\/\/www.nps.fi\/wp\/wp-json\/wp\/v2\/types\/page"}],"author":[{"embeddable":true,"href":"https:\/\/www.nps.fi\/wp\/wp-json\/wp\/v2\/users\/6"}],"replies":[{"embeddable":true,"href":"https:\/\/www.nps.fi\/wp\/wp-json\/wp\/v2\/comments?post=487"}],"version-history":[{"count":14,"href":"https:\/\/www.nps.fi\/wp\/wp-json\/wp\/v2\/pages\/487\/revisions"}],"predecessor-version":[{"id":7272,"href":"https:\/\/www.nps.fi\/wp\/wp-json\/wp\/v2\/pages\/487\/revisions\/7272"}],"up":[{"embeddable":true,"href":"https:\/\/www.nps.fi\/wp\/wp-json\/wp\/v2\/pages\/458"}],"wp:attachment":[{"href":"https:\/\/www.nps.fi\/wp\/wp-json\/wp\/v2\/media?parent=487"}],"curies":[{"name":"wp","href":"https:\/\/api.w.org\/{rel}","templated":true}]}}