{"id":3784,"date":"2017-08-25T11:27:33","date_gmt":"2017-08-25T08:27:33","guid":{"rendered":"https:\/\/www.nps.fi\/wp\/?page_id=3784"},"modified":"2017-09-25T16:56:39","modified_gmt":"2017-09-25T13:56:39","slug":"100-vuotis-juhlakilpailu","status":"publish","type":"page","link":"https:\/\/www.nps.fi\/wp\/kilpapurjehdus\/kilpailut\/2017-2\/100-vuotis-juhlakilpailu\/","title":{"rendered":"100-vuotis Juhlakilpailu"},"content":{"rendered":"<p>NPS:n 100-vuotis juhlakilpailu j\u00e4rjestet\u00e4\u00e4n 23.9.2017.&nbsp; Kilpailu on LYS matkapurjehdus, purjehduksen kesto n. 2h<\/p>\n<p>Kilpailukutsu : <a href=\"https:\/\/www.nps.fi\/wp\/?p=3790\">https:\/\/www.nps.fi\/wp\/?p=3790<\/a><br \/>\n&nbsp;<br \/>\nIlmoittautumiset <a href=\"https:\/\/www.nps.fi\/wp\/?page_id=301\">https:\/\/www.nps.fi\/wp\/?page_id=301<\/a><br \/>\n&nbsp;<br \/>\nNPS 100v juhlakilpailun <a href=\"https:\/\/www.nps.fi\/wp\/wp-content\/uploads\/2017\/08\/NPS100v-kisa-TULOKSET.pdf\">TULOKSET<\/a><\/p>\n","protected":false},"excerpt":{"rendered":"<p>NPS:n 100-vuotis juhlakilpailu j\u00e4rjestet\u00e4\u00e4n 23.9.2017.&nbsp; Kilpailu on LYS matkapurjehdus, purjehduksen kesto n. 2h Kilpailukutsu : https:\/\/www.nps.fi\/wp\/?p=3790 &nbsp; Ilmoittautumiset https:\/\/www.nps.fi\/wp\/?page_id=301 &nbsp; NPS 100v juhlakilpailun TULOKSET<\/p>\n","protected":false},"author":32,"featured_media":0,"parent":3668,"menu_order":10,"comment_status":"closed","ping_status":"closed","template":"","meta":{"ngg_post_thumbnail":0,"footnotes":""},"class_list":["post-3784","page","type-page","status-publish"],"_links":{"self":[{"href":"https:\/\/www.nps.fi\/wp\/wp-json\/wp\/v2\/pages\/3784","targetHints":{"allow":["GET"]}}],"collection":[{"href":"https:\/\/www.nps.fi\/wp\/wp-json\/wp\/v2\/pages"}],"about":[{"href":"https:\/\/www.nps.fi\/wp\/wp-json\/wp\/v2\/types\/page"}],"author":[{"embeddable":true,"href":"https:\/\/www.nps.fi\/wp\/wp-json\/wp\/v2\/users\/32"}],"replies":[{"embeddable":true,"href":"https:\/\/www.nps.fi\/wp\/wp-json\/wp\/v2\/comments?post=3784"}],"version-history":[{"count":6,"href":"https:\/\/www.nps.fi\/wp\/wp-json\/wp\/v2\/pages\/3784\/revisions"}],"predecessor-version":[{"id":3809,"href":"https:\/\/www.nps.fi\/wp\/wp-json\/wp\/v2\/pages\/3784\/revisions\/3809"}],"up":[{"embeddable":true,"href":"https:\/\/www.nps.fi\/wp\/wp-json\/wp\/v2\/pages\/3668"}],"wp:attachment":[{"href":"https:\/\/www.nps.fi\/wp\/wp-json\/wp\/v2\/media?parent=3784"}],"curies":[{"name":"wp","href":"https:\/\/api.w.org\/{rel}","templated":true}]}}