{"id":216,"date":"2011-11-19T17:47:50","date_gmt":"2011-11-19T15:47:50","guid":{"rendered":"https:\/\/www.nps.fi\/wp\/?page_id=216"},"modified":"2026-02-02T20:00:49","modified_gmt":"2026-02-02T18:00:49","slug":"juniorijaos","status":"publish","type":"page","link":"https:\/\/www.nps.fi\/wp\/juniorijaos\/","title":{"rendered":"Juniorit"},"content":{"rendered":"\n<div class=\"wp-block-group\"><div class=\"wp-block-group__inner-container is-layout-flow wp-block-group-is-layout-flow\"><div class=\"wp-block-image\">\n<figure class=\"aligncenter size-large\"><a href=\"https:\/\/www.nps.fi\/wp\/wp-content\/uploads\/2021\/03\/LastenPurjehduskoulu-V2-pieni-vene-suora-teksti-300x167-1.png\"><img loading=\"lazy\" decoding=\"async\" width=\"300\" height=\"167\" src=\"https:\/\/www.nps.fi\/wp\/wp-content\/uploads\/2021\/03\/LastenPurjehduskoulu-V2-pieni-vene-suora-teksti-300x167-1.png\" alt=\"\" class=\"wp-image-5213\"\/><\/a><\/figure>\n<\/div><\/div><\/div>\n\n\n\n<hr class=\"wp-block-separator has-text-color has-css-opacity has-background is-style-wide\" style=\"background-color:#161fa5;color:#161fa5\"\/>\n\n\n\n<p class=\"has-text-align-center has-medium-font-size\"><strong> <\/strong><\/p>\n\n\n\n<div class=\"wp-block-columns is-layout-flex wp-container-core-columns-is-layout-9d6595d7 wp-block-columns-is-layout-flex\">\n<div class=\"wp-block-column is-layout-flow wp-block-column-is-layout-flow\" style=\"flex-basis:100%\">\n<p>NPS tarjoaa monipuolista junioritoimintaa lapsille ja nuorille. NPS kuuluu Suomen Purjehdus ja Veneily ry:n (lajiliitto SPV) Lasten Purjehduskoulu-konseptiin ja on sitoutunut j\u00e4rjest\u00e4m\u00e4\u00e4n korkealaatuista purjehdusopetusta lapsille ja nuorille. <\/p>\n\n\n\n<div class=\"wp-block-group\"><div class=\"wp-block-group__inner-container is-layout-flow wp-block-group-is-layout-flow\">\n<p>NPS:n junnujen (8-14-vuotiaiden) purjehduskouluja ja -leirej\u00e4 j\u00e4rjestet\u00e4\u00e4n kes\u00e4isin koulujen lomakautena. Kaikki kouluik\u00e4iset ja uimataitoiset lapset ovat tervetulleita leireille, joilla p\u00e4\u00e4see tutustumaan purjehdukseen turvallisesti, hauskuutta unohtamatta. Leireill\u00e4 opetellaan purjehduksen alkeita, turvallista ja vastuullista toimintaa vesill\u00e4 sek\u00e4 itsen\u00e4ist\u00e4 varusteista huolehtimista. <\/p>\n\n\n\n<p>T\u00e4n\u00e4 kes\u00e4n\u00e4 j\u00e4rjestet\u00e4\u00e4n leirej\u00e4, jotka toteutuvat kes\u00e4kuussa ma-to klo 9-16. 12 vuotta t\u00e4ytt\u00e4neet lapset voivat aloittaa harrastuksen my\u00f6s purjelautakursseilla. Kurssien tai leirin j\u00e4lkeen purjehdusta on helppo jatkaa, kaikki ovat tervetulleita mukaan harrastaja- tai kilparyhmiin. <\/p>\n\n\n\n<div class=\"wp-block-buttons is-layout-flex wp-block-buttons-is-layout-flex\">\n<div class=\"wp-block-button\"><a class=\"wp-block-button__link wp-element-button\" href=\"https:\/\/www.suomisport.fi\/events?dateTimeRangeEnd=&amp;dateTimeRangeStart=&amp;masterSportIds=143&amp;municipalityIds=172&amp;organizers=&amp;purpose=&amp;searchTerm=&amp;tagIds\">Ilmoittaudu vuoden 2026 leireille Suomisportissa<\/a><\/div>\n<\/div>\n\n\n\n<p><\/p>\n\n\n\n<h2 class=\"wp-block-heading\">Opi purjehtimaan optimistijollalla<\/h2>\n\n\n\n<p>Lapset p\u00e4\u00e4sev\u00e4t leirien aikana kokeilemaan yhdess\u00e4 valmentajien kanssa erilaisia venetyyppej\u00e4 per\u00e4moottoriveneist\u00e4 k\u00f6liveneisiin. T\u00e4rkemp\u00e4n\u00e4 on tietysti oppia jollaveneilyn alkeita seuran optimistijollilla. Optimistijolla on useimmiten ensimm\u00e4inen vene, jolla lapset ja nuoret opettelevat purjehduksen alkeita ymp\u00e4ri maailmaa. <\/p>\n\n\n\n<p>Leirien ohjaajina toimivat useimmiten NPS:n omat ja SPV:n kouluttamat valmentajat. Leirien tarkoitus on saada lapset innostumaan purjehduksesta ja houkutella jatkamaan harrastuksen parissa.<\/p>\n\n\n\n<p><\/p>\n\n\n\n<h2 class=\"wp-block-heading\">Jatka purjehdusharrastusta NPS:n harrasteryhmiss\u00e4<\/h2>\n\n\n\n<p>Osallistuminen junnujen purjehduskouluun antaa perusvalmiudet purjehdusharrastuksen aloittamiseen.   NPS:n nuorten harrasteryhm\u00e4t kokoontuvat parina arki-iltana viikossa purjehtimaan s\u00e4iden salliessa Lammasluodon edustalle tai V\u00e4skin aukolle.  <\/p>\n\n\n\n<p>Harrasteryhmiss\u00e4 on mukana aiempina vuosina purjehdusleireille osallistuneita junnuja, jotka ovat innostuneet purjehduksesta ja haluavat jatkaa lajin parissa. Lue lis\u00e4\u00e4 harrasteryhmist\u00e4 <a href=\"https:\/\/www.nps.fi\/wp\/?page_id=1686\">t\u00e4\u00e4ll\u00e4<\/a>.<\/p>\n\n\n\n<p><\/p>\n\n\n\n<h2 class=\"wp-block-heading\">Osallistu kilparyhm\u00e4n toimintaan<\/h2>\n\n\n\n<p>Harrasteryhmiss\u00e4 voi kokeilla my\u00f6s kilpapurjehdusta seuran optimistijollilla. Seura j\u00e4rjest\u00e4\u00e4 ratapurjehduskisoja joka viikko ja useamman kerran kes\u00e4n aikana yhdess\u00e4 Varsinais-Suomen muiden seurojen kanssa. Kokemuksen karttuessa optimistijollalla voi kilpailla valtakunnan tasolla ja kansainv\u00e4lisiss\u00e4 kisoissa Euroopassa ja kauempanakin. Lue lis\u00e4\u00e4 junioreiden kilpapurjehduksesta <a href=\"https:\/\/www.nps.fi\/wp\/?page_id=5215\">t\u00e4\u00e4ll\u00e4<\/a>.<\/p>\n\n\n\n<p><\/p>\n\n\n\n<p>SPV palkitsi vuonna 2019 NPS:n vuoden junioriseurana. Junioritoimintamme kummina toimii optimistijollien maailmanmestari Heikki Vahtera.<\/p>\n<\/div><\/div>\n<\/div>\n<\/div>\n\n\n\n<div class=\"wp-block-buttons is-layout-flex wp-block-buttons-is-layout-flex\">\n<div class=\"wp-block-button\"><a class=\"wp-block-button__link wp-element-button\" href=\"https:\/\/spv.fi\/lapset-ja-nuoret\/lasten-purjehduskoulu\/\" target=\"_blank\" rel=\"noreferrer noopener\">SPV:n Lasten Purjehduskoulu -konsepti<\/a><\/div>\n\n\n\n<div class=\"wp-block-button\"><a class=\"wp-block-button__link wp-element-button\" href=\"https:\/\/spv.fi\/diginautic\/naantalissa-nuoren-purjehtijan-on-hyva-olla\/\" target=\"_blank\" rel=\"noreferrer noopener\">NPS:n junioritoiminnasta SPV:n digi-Nauticissa<\/a><\/div>\n<\/div>\n\n\n\n<div class=\"wp-block-group\"><div class=\"wp-block-group__inner-container is-layout-flow wp-block-group-is-layout-flow\">\n<figure class=\"wp-block-image size-large\"><a href=\"https:\/\/www.nps.fi\/wp\/wp-content\/uploads\/2021\/03\/IMG-20200923-WA0000-e1615394996583.jpg\"><img loading=\"lazy\" decoding=\"async\" width=\"1024\" height=\"768\" src=\"https:\/\/www.nps.fi\/wp\/wp-content\/uploads\/2021\/03\/IMG-20200923-WA0000-1024x768.jpg\" alt=\"\" class=\"wp-image-5249\"\/><\/a><\/figure>\n<\/div><\/div>\n\n\n\n<p><\/p>\n\n\n\n<p><\/p>\n","protected":false},"excerpt":{"rendered":"<p>NPS tarjoaa monipuolista junioritoimintaa lapsille ja nuorille. NPS kuuluu Suomen Purjehdus ja Veneily ry:n (lajiliitto SPV) Lasten Purjehduskoulu-konseptiin ja on sitoutunut j\u00e4rjest\u00e4m\u00e4\u00e4n korkealaatuista purjehdusopetusta lapsille ja nuorille. NPS:n junnujen (8-14-vuotiaiden) purjehduskouluja ja -leirej\u00e4 j\u00e4rjestet\u00e4\u00e4n kes\u00e4isin koulujen lomakautena. Kaikki kouluik\u00e4iset ja uimataitoiset lapset ovat tervetulleita leireille, joilla p\u00e4\u00e4see tutustumaan purjehdukseen turvallisesti,&hellip;<\/p>\n<p> <a class=\"more-link\" href=\"https:\/\/www.nps.fi\/wp\/juniorijaos\/\">Lue Lis\u00e4\u00e4<\/a><\/p>\n","protected":false},"author":21,"featured_media":0,"parent":0,"menu_order":50,"comment_status":"closed","ping_status":"closed","template":"","meta":{"ngg_post_thumbnail":0,"footnotes":""},"class_list":["post-216","page","type-page","status-publish"],"_links":{"self":[{"href":"https:\/\/www.nps.fi\/wp\/wp-json\/wp\/v2\/pages\/216","targetHints":{"allow":["GET"]}}],"collection":[{"href":"https:\/\/www.nps.fi\/wp\/wp-json\/wp\/v2\/pages"}],"about":[{"href":"https:\/\/www.nps.fi\/wp\/wp-json\/wp\/v2\/types\/page"}],"author":[{"embeddable":true,"href":"https:\/\/www.nps.fi\/wp\/wp-json\/wp\/v2\/users\/21"}],"replies":[{"embeddable":true,"href":"https:\/\/www.nps.fi\/wp\/wp-json\/wp\/v2\/comments?post=216"}],"version-history":[{"count":27,"href":"https:\/\/www.nps.fi\/wp\/wp-json\/wp\/v2\/pages\/216\/revisions"}],"predecessor-version":[{"id":8071,"href":"https:\/\/www.nps.fi\/wp\/wp-json\/wp\/v2\/pages\/216\/revisions\/8071"}],"wp:attachment":[{"href":"https:\/\/www.nps.fi\/wp\/wp-json\/wp\/v2\/media?parent=216"}],"curies":[{"name":"wp","href":"https:\/\/api.w.org\/{rel}","templated":true}]}}